{"id":2438,"date":"2023-02-23T13:21:49","date_gmt":"2023-02-23T13:21:49","guid":{"rendered":"https:\/\/verbandschoenen.local\/product\/sanicabrio-lxl-extra-breed\/"},"modified":"2023-02-24T09:27:06","modified_gmt":"2023-02-24T09:27:06","slug":"sanicabrio-lxl-extra-breed","status":"publish","type":"product","link":"https:\/\/verbandschoenen.nl\/de\/produkt\/sanicabrio-lxl-extra-breed\/","title":{"rendered":"Sanicabrio LXL Extra Breed"},"content":{"rendered":"","protected":false},"excerpt":{"rendered":"<ul>\n<li>Mit weit \u00f6ffnendem &#8222;Cabrio&#8220;-Verschluss im Vorfu\u00dfbereich<\/li>\n<li>Klettverschluss an der Ferse bietet leichten Zugang<\/li>\n<li>Tiefer am Kn\u00f6chel<\/li>\n<li>Ideal zur L\u00f6sung von Fu\u00dfproblemen wie Bandagenf\u00fc\u00dfen, stark belasteten, druckempfindlichen F\u00fc\u00dfen, Hallux und Hammerzehen<\/li>\n<\/ul>\n","protected":false},"featured_media":1032,"comment_status":"open","ping_status":"closed","template":"","meta":{"_acf_changed":false,"inline_featured_image":false},"product_brand":[],"product_cat":[106],"product_tag":[],"class_list":{"0":"post-2438","1":"product","2":"type-product","3":"status-publish","4":"has-post-thumbnail","6":"product_cat-uncategorized-de","7":"geslacht-frauen","8":"geslacht-herren","9":"geslacht-fur-beide","11":"first","12":"instock","13":"shipping-taxable","14":"purchasable","15":"product-type-variable"},"acf":[],"yoast_head":"<!-- This site is optimized with the Yoast SEO plugin v27.3 - https:\/\/yoast.com\/product\/yoast-seo-wordpress\/ -->\n<title>Sanicabrio LXL Extra Breed - Offici\u00eble website Verbandschoenen<\/title>\n<meta name=\"robots\" content=\"index, follow, max-snippet:-1, max-image-preview:large, max-video-preview:-1\" \/>\n<link rel=\"canonical\" href=\"https:\/\/verbandschoenen.nl\/de\/produkt\/sanicabrio-lxl-extra-breed\/\" \/>\n<meta property=\"og:locale\" content=\"de_DE\" \/>\n<meta property=\"og:type\" content=\"article\" \/>\n<meta property=\"og:title\" content=\"Sanicabrio LXL Extra Breed - Offici\u00eble website Verbandschoenen\" \/>\n<meta property=\"og:description\" content=\"Mit weit \u00f6ffnendem &quot;Cabrio&quot;-Verschluss im Vorfu\u00dfbereich  Klettverschluss an der Ferse bietet leichten Zugang  Tiefer am Kn\u00f6chel  Ideal zur L\u00f6sung von Fu\u00dfproblemen wie Bandagenf\u00fc\u00dfen, stark belasteten, druckempfindlichen F\u00fc\u00dfen, Hallux und Hammerzehen\" \/>\n<meta property=\"og:url\" content=\"https:\/\/verbandschoenen.nl\/de\/produkt\/sanicabrio-lxl-extra-breed\/\" \/>\n<meta property=\"og:site_name\" content=\"Offici\u00eble website Verbandschoenen\" \/>\n<meta property=\"article:modified_time\" content=\"2023-02-24T09:27:06+00:00\" \/>\n<meta property=\"og:image\" content=\"https:\/\/verbandschoenen.nl\/wp-content\/uploads\/2023\/02\/Scanicabro-LXL_510150-38_marineblauw_01.webp\" \/>\n\t<meta property=\"og:image:width\" content=\"400\" \/>\n\t<meta property=\"og:image:height\" content=\"500\" \/>\n\t<meta property=\"og:image:type\" content=\"image\/webp\" \/>\n<meta name=\"twitter:card\" content=\"summary_large_image\" \/>\n<script type=\"application\/ld+json\" class=\"yoast-schema-graph\">{\"@context\":\"https:\\\/\\\/schema.org\",\"@graph\":[{\"@type\":\"WebPage\",\"@id\":\"https:\\\/\\\/verbandschoenen.nl\\\/de\\\/produkt\\\/sanicabrio-lxl-extra-breed\\\/\",\"url\":\"https:\\\/\\\/verbandschoenen.nl\\\/de\\\/produkt\\\/sanicabrio-lxl-extra-breed\\\/\",\"name\":\"Sanicabrio LXL Extra Breed - Offici\u00eble website Verbandschoenen\",\"isPartOf\":{\"@id\":\"https:\\\/\\\/verbandschoenen.nl\\\/#website\"},\"primaryImageOfPage\":{\"@id\":\"https:\\\/\\\/verbandschoenen.nl\\\/de\\\/produkt\\\/sanicabrio-lxl-extra-breed\\\/#primaryimage\"},\"image\":{\"@id\":\"https:\\\/\\\/verbandschoenen.nl\\\/de\\\/produkt\\\/sanicabrio-lxl-extra-breed\\\/#primaryimage\"},\"thumbnailUrl\":\"https:\\\/\\\/verbandschoenen.nl\\\/wp-content\\\/uploads\\\/2023\\\/02\\\/Scanicabro-LXL_510150-38_marineblauw_01.webp\",\"datePublished\":\"2023-02-23T13:21:49+00:00\",\"dateModified\":\"2023-02-24T09:27:06+00:00\",\"breadcrumb\":{\"@id\":\"https:\\\/\\\/verbandschoenen.nl\\\/de\\\/produkt\\\/sanicabrio-lxl-extra-breed\\\/#breadcrumb\"},\"inLanguage\":\"de\",\"potentialAction\":[{\"@type\":\"ReadAction\",\"target\":[\"https:\\\/\\\/verbandschoenen.nl\\\/de\\\/produkt\\\/sanicabrio-lxl-extra-breed\\\/\"]}]},{\"@type\":\"ImageObject\",\"inLanguage\":\"de\",\"@id\":\"https:\\\/\\\/verbandschoenen.nl\\\/de\\\/produkt\\\/sanicabrio-lxl-extra-breed\\\/#primaryimage\",\"url\":\"https:\\\/\\\/verbandschoenen.nl\\\/wp-content\\\/uploads\\\/2023\\\/02\\\/Scanicabro-LXL_510150-38_marineblauw_01.webp\",\"contentUrl\":\"https:\\\/\\\/verbandschoenen.nl\\\/wp-content\\\/uploads\\\/2023\\\/02\\\/Scanicabro-LXL_510150-38_marineblauw_01.webp\",\"width\":400,\"height\":500},{\"@type\":\"BreadcrumbList\",\"@id\":\"https:\\\/\\\/verbandschoenen.nl\\\/de\\\/produkt\\\/sanicabrio-lxl-extra-breed\\\/#breadcrumb\",\"itemListElement\":[{\"@type\":\"ListItem\",\"position\":1,\"name\":\"Home\",\"item\":\"https:\\\/\\\/verbandschoenen.nl\\\/de\\\/\"},{\"@type\":\"ListItem\",\"position\":2,\"name\":\"Shop\",\"item\":\"https:\\\/\\\/verbandschoenen.nl\\\/de\\\/shop\\\/\"},{\"@type\":\"ListItem\",\"position\":3,\"name\":\"Sanicabrio LXL Extra Breed\"}]},{\"@type\":\"WebSite\",\"@id\":\"https:\\\/\\\/verbandschoenen.nl\\\/#website\",\"url\":\"https:\\\/\\\/verbandschoenen.nl\\\/\",\"name\":\"Offici\u00eble website Verbandschoenen\",\"description\":\"VOOR THERAPIE EN COMFORT\",\"publisher\":{\"@id\":\"https:\\\/\\\/verbandschoenen.nl\\\/#organization\"},\"potentialAction\":[{\"@type\":\"SearchAction\",\"target\":{\"@type\":\"EntryPoint\",\"urlTemplate\":\"https:\\\/\\\/verbandschoenen.nl\\\/?s={search_term_string}\"},\"query-input\":{\"@type\":\"PropertyValueSpecification\",\"valueRequired\":true,\"valueName\":\"search_term_string\"}}],\"inLanguage\":\"de\"},{\"@type\":\"Organization\",\"@id\":\"https:\\\/\\\/verbandschoenen.nl\\\/#organization\",\"name\":\"Offici\u00eble website Verbandschoenen\",\"url\":\"https:\\\/\\\/verbandschoenen.nl\\\/\",\"logo\":{\"@type\":\"ImageObject\",\"inLanguage\":\"de\",\"@id\":\"https:\\\/\\\/verbandschoenen.nl\\\/#\\\/schema\\\/logo\\\/image\\\/\",\"url\":\"https:\\\/\\\/verbandschoenen.nl\\\/wp-content\\\/uploads\\\/2023\\\/01\\\/verband-schoenen.svg\",\"contentUrl\":\"https:\\\/\\\/verbandschoenen.nl\\\/wp-content\\\/uploads\\\/2023\\\/01\\\/verband-schoenen.svg\",\"caption\":\"Offici\u00eble website Verbandschoenen\"},\"image\":{\"@id\":\"https:\\\/\\\/verbandschoenen.nl\\\/#\\\/schema\\\/logo\\\/image\\\/\"}}]}<\/script>\n<!-- \/ Yoast SEO plugin. -->","yoast_head_json":{"title":"Sanicabrio LXL Extra Breed - Offici\u00eble website Verbandschoenen","robots":{"index":"index","follow":"follow","max-snippet":"max-snippet:-1","max-image-preview":"max-image-preview:large","max-video-preview":"max-video-preview:-1"},"canonical":"https:\/\/verbandschoenen.nl\/de\/produkt\/sanicabrio-lxl-extra-breed\/","og_locale":"de_DE","og_type":"article","og_title":"Sanicabrio LXL Extra Breed - Offici\u00eble website Verbandschoenen","og_description":"Mit weit \u00f6ffnendem \"Cabrio\"-Verschluss im Vorfu\u00dfbereich  Klettverschluss an der Ferse bietet leichten Zugang  Tiefer am Kn\u00f6chel  Ideal zur L\u00f6sung von Fu\u00dfproblemen wie Bandagenf\u00fc\u00dfen, stark belasteten, druckempfindlichen F\u00fc\u00dfen, Hallux und Hammerzehen","og_url":"https:\/\/verbandschoenen.nl\/de\/produkt\/sanicabrio-lxl-extra-breed\/","og_site_name":"Offici\u00eble website Verbandschoenen","article_modified_time":"2023-02-24T09:27:06+00:00","og_image":[{"width":400,"height":500,"url":"https:\/\/verbandschoenen.nl\/wp-content\/uploads\/2023\/02\/Scanicabro-LXL_510150-38_marineblauw_01.webp","type":"image\/webp"}],"twitter_card":"summary_large_image","schema":{"@context":"https:\/\/schema.org","@graph":[{"@type":"WebPage","@id":"https:\/\/verbandschoenen.nl\/de\/produkt\/sanicabrio-lxl-extra-breed\/","url":"https:\/\/verbandschoenen.nl\/de\/produkt\/sanicabrio-lxl-extra-breed\/","name":"Sanicabrio LXL Extra Breed - Offici\u00eble website Verbandschoenen","isPartOf":{"@id":"https:\/\/verbandschoenen.nl\/#website"},"primaryImageOfPage":{"@id":"https:\/\/verbandschoenen.nl\/de\/produkt\/sanicabrio-lxl-extra-breed\/#primaryimage"},"image":{"@id":"https:\/\/verbandschoenen.nl\/de\/produkt\/sanicabrio-lxl-extra-breed\/#primaryimage"},"thumbnailUrl":"https:\/\/verbandschoenen.nl\/wp-content\/uploads\/2023\/02\/Scanicabro-LXL_510150-38_marineblauw_01.webp","datePublished":"2023-02-23T13:21:49+00:00","dateModified":"2023-02-24T09:27:06+00:00","breadcrumb":{"@id":"https:\/\/verbandschoenen.nl\/de\/produkt\/sanicabrio-lxl-extra-breed\/#breadcrumb"},"inLanguage":"de","potentialAction":[{"@type":"ReadAction","target":["https:\/\/verbandschoenen.nl\/de\/produkt\/sanicabrio-lxl-extra-breed\/"]}]},{"@type":"ImageObject","inLanguage":"de","@id":"https:\/\/verbandschoenen.nl\/de\/produkt\/sanicabrio-lxl-extra-breed\/#primaryimage","url":"https:\/\/verbandschoenen.nl\/wp-content\/uploads\/2023\/02\/Scanicabro-LXL_510150-38_marineblauw_01.webp","contentUrl":"https:\/\/verbandschoenen.nl\/wp-content\/uploads\/2023\/02\/Scanicabro-LXL_510150-38_marineblauw_01.webp","width":400,"height":500},{"@type":"BreadcrumbList","@id":"https:\/\/verbandschoenen.nl\/de\/produkt\/sanicabrio-lxl-extra-breed\/#breadcrumb","itemListElement":[{"@type":"ListItem","position":1,"name":"Home","item":"https:\/\/verbandschoenen.nl\/de\/"},{"@type":"ListItem","position":2,"name":"Shop","item":"https:\/\/verbandschoenen.nl\/de\/shop\/"},{"@type":"ListItem","position":3,"name":"Sanicabrio LXL Extra Breed"}]},{"@type":"WebSite","@id":"https:\/\/verbandschoenen.nl\/#website","url":"https:\/\/verbandschoenen.nl\/","name":"Offici\u00eble website Verbandschoenen","description":"VOOR THERAPIE EN COMFORT","publisher":{"@id":"https:\/\/verbandschoenen.nl\/#organization"},"potentialAction":[{"@type":"SearchAction","target":{"@type":"EntryPoint","urlTemplate":"https:\/\/verbandschoenen.nl\/?s={search_term_string}"},"query-input":{"@type":"PropertyValueSpecification","valueRequired":true,"valueName":"search_term_string"}}],"inLanguage":"de"},{"@type":"Organization","@id":"https:\/\/verbandschoenen.nl\/#organization","name":"Offici\u00eble website Verbandschoenen","url":"https:\/\/verbandschoenen.nl\/","logo":{"@type":"ImageObject","inLanguage":"de","@id":"https:\/\/verbandschoenen.nl\/#\/schema\/logo\/image\/","url":"https:\/\/verbandschoenen.nl\/wp-content\/uploads\/2023\/01\/verband-schoenen.svg","contentUrl":"https:\/\/verbandschoenen.nl\/wp-content\/uploads\/2023\/01\/verband-schoenen.svg","caption":"Offici\u00eble website Verbandschoenen"},"image":{"@id":"https:\/\/verbandschoenen.nl\/#\/schema\/logo\/image\/"}}]}},"_links":{"self":[{"href":"https:\/\/verbandschoenen.nl\/de\/wp-json\/wp\/v2\/product\/2438","targetHints":{"allow":["GET"]}}],"collection":[{"href":"https:\/\/verbandschoenen.nl\/de\/wp-json\/wp\/v2\/product"}],"about":[{"href":"https:\/\/verbandschoenen.nl\/de\/wp-json\/wp\/v2\/types\/product"}],"replies":[{"embeddable":true,"href":"https:\/\/verbandschoenen.nl\/de\/wp-json\/wp\/v2\/comments?post=2438"}],"wp:featuredmedia":[{"embeddable":true,"href":"https:\/\/verbandschoenen.nl\/de\/wp-json\/wp\/v2\/media\/1032"}],"wp:attachment":[{"href":"https:\/\/verbandschoenen.nl\/de\/wp-json\/wp\/v2\/media?parent=2438"}],"wp:term":[{"taxonomy":"product_brand","embeddable":true,"href":"https:\/\/verbandschoenen.nl\/de\/wp-json\/wp\/v2\/product_brand?post=2438"},{"taxonomy":"product_cat","embeddable":true,"href":"https:\/\/verbandschoenen.nl\/de\/wp-json\/wp\/v2\/product_cat?post=2438"},{"taxonomy":"product_tag","embeddable":true,"href":"https:\/\/verbandschoenen.nl\/de\/wp-json\/wp\/v2\/product_tag?post=2438"}],"curies":[{"name":"wp","href":"https:\/\/api.w.org\/{rel}","templated":true}]}}