{"id":2335,"date":"2023-02-23T13:37:14","date_gmt":"2023-02-23T13:37:14","guid":{"rendered":"https:\/\/verbandschoenen.local\/product\/lyon-100-waterdicht\/"},"modified":"2023-02-24T09:13:05","modified_gmt":"2023-02-24T09:13:05","slug":"lyon-100-waterdicht","status":"publish","type":"product","link":"https:\/\/verbandschoenen.nl\/de\/produkt\/lyon-100-waterdicht\/","title":{"rendered":"Lyon 100% Waterdicht"},"content":{"rendered":"","protected":false},"excerpt":{"rendered":"<ul>\n<li>Zehenzwischenraum aus komfortablem Stretchmaterial<\/li>\n<li>Ideal f\u00fcr druckempfindliche F\u00fc\u00dfe<\/li>\n<li>Klettverschluss auf dem Rist f\u00fcr besonders leichtes An- und Ausziehen<\/li>\n<li>Optisch ansprechendes Obermaterial aus Elastan (Stretch) im Vorfu\u00dfbereich f\u00fcr besonders gute Atmungsaktivit\u00e4t; Lederoptik im R\u00fcckenbereich<\/li>\n<li>Stretchmaterial im Vorfu\u00dfbereich erm\u00f6glicht eine weiche und flexible Anpassung an fast alle Fu\u00dfformen (Hallux, Hammerzehen, Arthrose, geschwollene F\u00fc\u00dfe, etc.)<\/li>\n<li>Ideal f\u00fcr Menschen mit Fu\u00dfrheumatismus und zur Vorbeugung von Diabetes<\/li>\n<li>Mittelteil und Ferse (innen) aus Microvelour f\u00fcr ein angenehmes Tragegef\u00fchl<\/li>\n<li>Leichte, sto\u00dfd\u00e4mpfende und durchgehend rutschfeste &#8222;SOFT-STEP&#8220;-Sohle mit Neuropathie-Zone<\/li>\n<li>Hochwertige 2-Wege-Einlegesohle f\u00fcr weichen Gehkomfort mit weicher Polsterung und Baumwollgewebe<\/li>\n<\/ul>\n","protected":false},"featured_media":999,"comment_status":"open","ping_status":"closed","template":"","meta":{"_acf_changed":false,"inline_featured_image":false},"product_brand":[],"product_cat":[106],"product_tag":[],"class_list":{"0":"post-2335","1":"product","2":"type-product","3":"status-publish","4":"has-post-thumbnail","6":"product_cat-uncategorized-de","7":"geslacht-frauen","8":"geslacht-herren","9":"geslacht-fur-beide","11":"first","12":"instock","13":"shipping-taxable","14":"purchasable","15":"product-type-variable"},"acf":[],"yoast_head":"<!-- This site is optimized with the Yoast SEO plugin v27.3 - https:\/\/yoast.com\/product\/yoast-seo-wordpress\/ -->\n<title>Lyon 100% Waterdicht - Offici\u00eble website Verbandschoenen<\/title>\n<meta name=\"robots\" content=\"index, follow, max-snippet:-1, max-image-preview:large, max-video-preview:-1\" \/>\n<link rel=\"canonical\" href=\"https:\/\/verbandschoenen.nl\/de\/produkt\/lyon-100-waterdicht\/\" \/>\n<meta property=\"og:locale\" content=\"de_DE\" \/>\n<meta property=\"og:type\" content=\"article\" \/>\n<meta property=\"og:title\" content=\"Lyon 100% Waterdicht - Offici\u00eble website Verbandschoenen\" \/>\n<meta property=\"og:description\" content=\"Zehenzwischenraum aus komfortablem Stretchmaterial  Ideal f\u00fcr druckempfindliche F\u00fc\u00dfe  Klettverschluss auf dem Rist f\u00fcr besonders leichtes An- und Ausziehen  Optisch ansprechendes Obermaterial aus Elastan (Stretch) im Vorfu\u00dfbereich f\u00fcr besonders gute Atmungsaktivit\u00e4t; Lederoptik im R\u00fcckenbereich  Stretchmaterial im Vorfu\u00dfbereich erm\u00f6glicht eine weiche und flexible Anpassung an fast alle Fu\u00dfformen (Hallux, Hammerzehen, Arthrose, geschwollene F\u00fc\u00dfe, etc.)  Ideal f\u00fcr Menschen mit Fu\u00dfrheumatismus und zur Vorbeugung von Diabetes  Mittelteil und Ferse (innen) aus Microvelour f\u00fcr ein angenehmes Tragegef\u00fchl  Leichte, sto\u00dfd\u00e4mpfende und durchgehend rutschfeste &quot;SOFT-STEP&quot;-Sohle mit Neuropathie-Zone  Hochwertige 2-Wege-Einlegesohle f\u00fcr weichen Gehkomfort mit weicher Polsterung und Baumwollgewebe\" \/>\n<meta property=\"og:url\" content=\"https:\/\/verbandschoenen.nl\/de\/produkt\/lyon-100-waterdicht\/\" \/>\n<meta property=\"og:site_name\" content=\"Offici\u00eble website Verbandschoenen\" \/>\n<meta property=\"article:modified_time\" content=\"2023-02-24T09:13:05+00:00\" \/>\n<meta property=\"og:image\" content=\"https:\/\/verbandschoenen.nl\/wp-content\/uploads\/2023\/02\/paris1_blackletherlo.webp\" \/>\n\t<meta property=\"og:image:width\" content=\"400\" \/>\n\t<meta property=\"og:image:height\" content=\"500\" \/>\n\t<meta property=\"og:image:type\" content=\"image\/webp\" \/>\n<meta name=\"twitter:card\" content=\"summary_large_image\" \/>\n<script type=\"application\/ld+json\" class=\"yoast-schema-graph\">{\"@context\":\"https:\\\/\\\/schema.org\",\"@graph\":[{\"@type\":\"WebPage\",\"@id\":\"https:\\\/\\\/verbandschoenen.nl\\\/de\\\/produkt\\\/lyon-100-waterdicht\\\/\",\"url\":\"https:\\\/\\\/verbandschoenen.nl\\\/de\\\/produkt\\\/lyon-100-waterdicht\\\/\",\"name\":\"Lyon 100% Waterdicht - Offici\u00eble website Verbandschoenen\",\"isPartOf\":{\"@id\":\"https:\\\/\\\/verbandschoenen.nl\\\/#website\"},\"primaryImageOfPage\":{\"@id\":\"https:\\\/\\\/verbandschoenen.nl\\\/de\\\/produkt\\\/lyon-100-waterdicht\\\/#primaryimage\"},\"image\":{\"@id\":\"https:\\\/\\\/verbandschoenen.nl\\\/de\\\/produkt\\\/lyon-100-waterdicht\\\/#primaryimage\"},\"thumbnailUrl\":\"https:\\\/\\\/verbandschoenen.nl\\\/wp-content\\\/uploads\\\/2023\\\/02\\\/paris1_blackletherlo.webp\",\"datePublished\":\"2023-02-23T13:37:14+00:00\",\"dateModified\":\"2023-02-24T09:13:05+00:00\",\"breadcrumb\":{\"@id\":\"https:\\\/\\\/verbandschoenen.nl\\\/de\\\/produkt\\\/lyon-100-waterdicht\\\/#breadcrumb\"},\"inLanguage\":\"de\",\"potentialAction\":[{\"@type\":\"ReadAction\",\"target\":[\"https:\\\/\\\/verbandschoenen.nl\\\/de\\\/produkt\\\/lyon-100-waterdicht\\\/\"]}]},{\"@type\":\"ImageObject\",\"inLanguage\":\"de\",\"@id\":\"https:\\\/\\\/verbandschoenen.nl\\\/de\\\/produkt\\\/lyon-100-waterdicht\\\/#primaryimage\",\"url\":\"https:\\\/\\\/verbandschoenen.nl\\\/wp-content\\\/uploads\\\/2023\\\/02\\\/paris1_blackletherlo.webp\",\"contentUrl\":\"https:\\\/\\\/verbandschoenen.nl\\\/wp-content\\\/uploads\\\/2023\\\/02\\\/paris1_blackletherlo.webp\",\"width\":400,\"height\":500},{\"@type\":\"BreadcrumbList\",\"@id\":\"https:\\\/\\\/verbandschoenen.nl\\\/de\\\/produkt\\\/lyon-100-waterdicht\\\/#breadcrumb\",\"itemListElement\":[{\"@type\":\"ListItem\",\"position\":1,\"name\":\"Home\",\"item\":\"https:\\\/\\\/verbandschoenen.nl\\\/de\\\/\"},{\"@type\":\"ListItem\",\"position\":2,\"name\":\"Shop\",\"item\":\"https:\\\/\\\/verbandschoenen.nl\\\/de\\\/shop\\\/\"},{\"@type\":\"ListItem\",\"position\":3,\"name\":\"Lyon 100% Waterdicht\"}]},{\"@type\":\"WebSite\",\"@id\":\"https:\\\/\\\/verbandschoenen.nl\\\/#website\",\"url\":\"https:\\\/\\\/verbandschoenen.nl\\\/\",\"name\":\"Offici\u00eble website Verbandschoenen\",\"description\":\"VOOR THERAPIE EN COMFORT\",\"publisher\":{\"@id\":\"https:\\\/\\\/verbandschoenen.nl\\\/#organization\"},\"potentialAction\":[{\"@type\":\"SearchAction\",\"target\":{\"@type\":\"EntryPoint\",\"urlTemplate\":\"https:\\\/\\\/verbandschoenen.nl\\\/?s={search_term_string}\"},\"query-input\":{\"@type\":\"PropertyValueSpecification\",\"valueRequired\":true,\"valueName\":\"search_term_string\"}}],\"inLanguage\":\"de\"},{\"@type\":\"Organization\",\"@id\":\"https:\\\/\\\/verbandschoenen.nl\\\/#organization\",\"name\":\"Offici\u00eble website Verbandschoenen\",\"url\":\"https:\\\/\\\/verbandschoenen.nl\\\/\",\"logo\":{\"@type\":\"ImageObject\",\"inLanguage\":\"de\",\"@id\":\"https:\\\/\\\/verbandschoenen.nl\\\/#\\\/schema\\\/logo\\\/image\\\/\",\"url\":\"https:\\\/\\\/verbandschoenen.nl\\\/wp-content\\\/uploads\\\/2023\\\/01\\\/verband-schoenen.svg\",\"contentUrl\":\"https:\\\/\\\/verbandschoenen.nl\\\/wp-content\\\/uploads\\\/2023\\\/01\\\/verband-schoenen.svg\",\"caption\":\"Offici\u00eble website Verbandschoenen\"},\"image\":{\"@id\":\"https:\\\/\\\/verbandschoenen.nl\\\/#\\\/schema\\\/logo\\\/image\\\/\"}}]}<\/script>\n<!-- \/ Yoast SEO plugin. -->","yoast_head_json":{"title":"Lyon 100% Waterdicht - Offici\u00eble website Verbandschoenen","robots":{"index":"index","follow":"follow","max-snippet":"max-snippet:-1","max-image-preview":"max-image-preview:large","max-video-preview":"max-video-preview:-1"},"canonical":"https:\/\/verbandschoenen.nl\/de\/produkt\/lyon-100-waterdicht\/","og_locale":"de_DE","og_type":"article","og_title":"Lyon 100% Waterdicht - Offici\u00eble website Verbandschoenen","og_description":"Zehenzwischenraum aus komfortablem Stretchmaterial  Ideal f\u00fcr druckempfindliche F\u00fc\u00dfe  Klettverschluss auf dem Rist f\u00fcr besonders leichtes An- und Ausziehen  Optisch ansprechendes Obermaterial aus Elastan (Stretch) im Vorfu\u00dfbereich f\u00fcr besonders gute Atmungsaktivit\u00e4t; Lederoptik im R\u00fcckenbereich  Stretchmaterial im Vorfu\u00dfbereich erm\u00f6glicht eine weiche und flexible Anpassung an fast alle Fu\u00dfformen (Hallux, Hammerzehen, Arthrose, geschwollene F\u00fc\u00dfe, etc.)  Ideal f\u00fcr Menschen mit Fu\u00dfrheumatismus und zur Vorbeugung von Diabetes  Mittelteil und Ferse (innen) aus Microvelour f\u00fcr ein angenehmes Tragegef\u00fchl  Leichte, sto\u00dfd\u00e4mpfende und durchgehend rutschfeste \"SOFT-STEP\"-Sohle mit Neuropathie-Zone  Hochwertige 2-Wege-Einlegesohle f\u00fcr weichen Gehkomfort mit weicher Polsterung und Baumwollgewebe","og_url":"https:\/\/verbandschoenen.nl\/de\/produkt\/lyon-100-waterdicht\/","og_site_name":"Offici\u00eble website Verbandschoenen","article_modified_time":"2023-02-24T09:13:05+00:00","og_image":[{"width":400,"height":500,"url":"https:\/\/verbandschoenen.nl\/wp-content\/uploads\/2023\/02\/paris1_blackletherlo.webp","type":"image\/webp"}],"twitter_card":"summary_large_image","schema":{"@context":"https:\/\/schema.org","@graph":[{"@type":"WebPage","@id":"https:\/\/verbandschoenen.nl\/de\/produkt\/lyon-100-waterdicht\/","url":"https:\/\/verbandschoenen.nl\/de\/produkt\/lyon-100-waterdicht\/","name":"Lyon 100% Waterdicht - Offici\u00eble website Verbandschoenen","isPartOf":{"@id":"https:\/\/verbandschoenen.nl\/#website"},"primaryImageOfPage":{"@id":"https:\/\/verbandschoenen.nl\/de\/produkt\/lyon-100-waterdicht\/#primaryimage"},"image":{"@id":"https:\/\/verbandschoenen.nl\/de\/produkt\/lyon-100-waterdicht\/#primaryimage"},"thumbnailUrl":"https:\/\/verbandschoenen.nl\/wp-content\/uploads\/2023\/02\/paris1_blackletherlo.webp","datePublished":"2023-02-23T13:37:14+00:00","dateModified":"2023-02-24T09:13:05+00:00","breadcrumb":{"@id":"https:\/\/verbandschoenen.nl\/de\/produkt\/lyon-100-waterdicht\/#breadcrumb"},"inLanguage":"de","potentialAction":[{"@type":"ReadAction","target":["https:\/\/verbandschoenen.nl\/de\/produkt\/lyon-100-waterdicht\/"]}]},{"@type":"ImageObject","inLanguage":"de","@id":"https:\/\/verbandschoenen.nl\/de\/produkt\/lyon-100-waterdicht\/#primaryimage","url":"https:\/\/verbandschoenen.nl\/wp-content\/uploads\/2023\/02\/paris1_blackletherlo.webp","contentUrl":"https:\/\/verbandschoenen.nl\/wp-content\/uploads\/2023\/02\/paris1_blackletherlo.webp","width":400,"height":500},{"@type":"BreadcrumbList","@id":"https:\/\/verbandschoenen.nl\/de\/produkt\/lyon-100-waterdicht\/#breadcrumb","itemListElement":[{"@type":"ListItem","position":1,"name":"Home","item":"https:\/\/verbandschoenen.nl\/de\/"},{"@type":"ListItem","position":2,"name":"Shop","item":"https:\/\/verbandschoenen.nl\/de\/shop\/"},{"@type":"ListItem","position":3,"name":"Lyon 100% Waterdicht"}]},{"@type":"WebSite","@id":"https:\/\/verbandschoenen.nl\/#website","url":"https:\/\/verbandschoenen.nl\/","name":"Offici\u00eble website Verbandschoenen","description":"VOOR THERAPIE EN COMFORT","publisher":{"@id":"https:\/\/verbandschoenen.nl\/#organization"},"potentialAction":[{"@type":"SearchAction","target":{"@type":"EntryPoint","urlTemplate":"https:\/\/verbandschoenen.nl\/?s={search_term_string}"},"query-input":{"@type":"PropertyValueSpecification","valueRequired":true,"valueName":"search_term_string"}}],"inLanguage":"de"},{"@type":"Organization","@id":"https:\/\/verbandschoenen.nl\/#organization","name":"Offici\u00eble website Verbandschoenen","url":"https:\/\/verbandschoenen.nl\/","logo":{"@type":"ImageObject","inLanguage":"de","@id":"https:\/\/verbandschoenen.nl\/#\/schema\/logo\/image\/","url":"https:\/\/verbandschoenen.nl\/wp-content\/uploads\/2023\/01\/verband-schoenen.svg","contentUrl":"https:\/\/verbandschoenen.nl\/wp-content\/uploads\/2023\/01\/verband-schoenen.svg","caption":"Offici\u00eble website Verbandschoenen"},"image":{"@id":"https:\/\/verbandschoenen.nl\/#\/schema\/logo\/image\/"}}]}},"_links":{"self":[{"href":"https:\/\/verbandschoenen.nl\/de\/wp-json\/wp\/v2\/product\/2335","targetHints":{"allow":["GET"]}}],"collection":[{"href":"https:\/\/verbandschoenen.nl\/de\/wp-json\/wp\/v2\/product"}],"about":[{"href":"https:\/\/verbandschoenen.nl\/de\/wp-json\/wp\/v2\/types\/product"}],"replies":[{"embeddable":true,"href":"https:\/\/verbandschoenen.nl\/de\/wp-json\/wp\/v2\/comments?post=2335"}],"wp:featuredmedia":[{"embeddable":true,"href":"https:\/\/verbandschoenen.nl\/de\/wp-json\/wp\/v2\/media\/999"}],"wp:attachment":[{"href":"https:\/\/verbandschoenen.nl\/de\/wp-json\/wp\/v2\/media?parent=2335"}],"wp:term":[{"taxonomy":"product_brand","embeddable":true,"href":"https:\/\/verbandschoenen.nl\/de\/wp-json\/wp\/v2\/product_brand?post=2335"},{"taxonomy":"product_cat","embeddable":true,"href":"https:\/\/verbandschoenen.nl\/de\/wp-json\/wp\/v2\/product_cat?post=2335"},{"taxonomy":"product_tag","embeddable":true,"href":"https:\/\/verbandschoenen.nl\/de\/wp-json\/wp\/v2\/product_tag?post=2335"}],"curies":[{"name":"wp","href":"https:\/\/api.w.org\/{rel}","templated":true}]}}