{"id":2064,"date":"2023-02-23T14:33:24","date_gmt":"2023-02-23T14:33:24","guid":{"rendered":"https:\/\/verbandschoenen.local\/product\/munchen-2-lxl-stretch\/"},"modified":"2023-02-24T10:16:32","modified_gmt":"2023-02-24T10:16:32","slug":"munchen-2-lxl-stretch","status":"publish","type":"product","link":"https:\/\/verbandschoenen.nl\/de\/produkt\/munchen-2-lxl-stretch\/","title":{"rendered":"M\u00fcnchen 2 LXL Stretch"},"content":{"rendered":"","protected":false},"excerpt":{"rendered":"<ul>\n<li>Vergr\u00f6\u00dfertes Volumen des Vorfu\u00dfes<\/li>\n<li>4-Wege-Stretch-Material im Vorfu\u00dfbereich macht ihn weich und flexibel und passt sich fast allen Fu\u00dfformen an (Hallux, Hammerzehen, Arthrose, geschwollene F\u00fc\u00dfe usw.)<\/li>\n<li>Das dehnbare Material macht jede Bewegung mit<\/li>\n<li>Keine schmerzhaften Druck- oder Scheuerstellen<\/li>\n<li>Fu\u00dfklima-freundliches Design<\/li>\n<\/ul>\n","protected":false},"featured_media":987,"comment_status":"open","ping_status":"closed","template":"","meta":{"_acf_changed":false,"inline_featured_image":false},"product_brand":[],"product_cat":[106],"product_tag":[],"class_list":{"0":"post-2064","1":"product","2":"type-product","3":"status-publish","4":"has-post-thumbnail","6":"product_cat-uncategorized-de","7":"geslacht-herren","9":"first","10":"instock","11":"shipping-taxable","12":"purchasable","13":"product-type-variable"},"acf":[],"yoast_head":"<!-- This site is optimized with the Yoast SEO plugin v27.4 - https:\/\/yoast.com\/product\/yoast-seo-wordpress\/ -->\n<title>M\u00fcnchen 2 LXL Stretch - Offici\u00eble website Verbandschoenen<\/title>\n<meta name=\"robots\" content=\"index, follow, max-snippet:-1, max-image-preview:large, max-video-preview:-1\" \/>\n<link rel=\"canonical\" href=\"https:\/\/verbandschoenen.nl\/produkt\/munchen-2-lxl-stretch\/\" \/>\n<meta property=\"og:locale\" content=\"de_DE\" \/>\n<meta property=\"og:type\" content=\"article\" \/>\n<meta property=\"og:title\" content=\"M\u00fcnchen 2 LXL Stretch - Offici\u00eble website Verbandschoenen\" \/>\n<meta property=\"og:description\" content=\"Vergr\u00f6\u00dfertes Volumen des Vorfu\u00dfes  4-Wege-Stretch-Material im Vorfu\u00dfbereich macht ihn weich und flexibel und passt sich fast allen Fu\u00dfformen an (Hallux, Hammerzehen, Arthrose, geschwollene F\u00fc\u00dfe usw.)  Das dehnbare Material macht jede Bewegung mit  Keine schmerzhaften Druck- oder Scheuerstellen  Fu\u00dfklima-freundliches Design\" \/>\n<meta property=\"og:url\" content=\"https:\/\/verbandschoenen.nl\/produkt\/munchen-2-lxl-stretch\/\" \/>\n<meta property=\"og:site_name\" content=\"Offici\u00eble website Verbandschoenen\" \/>\n<meta property=\"article:modified_time\" content=\"2023-02-24T10:16:32+00:00\" \/>\n<meta property=\"og:image\" content=\"https:\/\/verbandschoenen.nl\/wp-content\/uploads\/2023\/02\/Munchen-2-LXL_510230-38_zwart_01.webp\" \/>\n\t<meta property=\"og:image:width\" content=\"400\" \/>\n\t<meta property=\"og:image:height\" content=\"500\" \/>\n\t<meta property=\"og:image:type\" content=\"image\/webp\" \/>\n<meta name=\"twitter:card\" content=\"summary_large_image\" \/>\n<script type=\"application\/ld+json\" class=\"yoast-schema-graph\">{\"@context\":\"https:\\\/\\\/schema.org\",\"@graph\":[{\"@type\":\"WebPage\",\"@id\":\"https:\\\/\\\/verbandschoenen.nl\\\/produkt\\\/munchen-2-lxl-stretch\\\/\",\"url\":\"https:\\\/\\\/verbandschoenen.nl\\\/produkt\\\/munchen-2-lxl-stretch\\\/\",\"name\":\"M\u00fcnchen 2 LXL Stretch - Offici\u00eble website Verbandschoenen\",\"isPartOf\":{\"@id\":\"https:\\\/\\\/verbandschoenen.nl\\\/#website\"},\"primaryImageOfPage\":{\"@id\":\"https:\\\/\\\/verbandschoenen.nl\\\/produkt\\\/munchen-2-lxl-stretch\\\/#primaryimage\"},\"image\":{\"@id\":\"https:\\\/\\\/verbandschoenen.nl\\\/produkt\\\/munchen-2-lxl-stretch\\\/#primaryimage\"},\"thumbnailUrl\":\"https:\\\/\\\/verbandschoenen.nl\\\/wp-content\\\/uploads\\\/2023\\\/02\\\/Munchen-2-LXL_510230-38_zwart_01.webp\",\"datePublished\":\"2023-02-23T14:33:24+00:00\",\"dateModified\":\"2023-02-24T10:16:32+00:00\",\"breadcrumb\":{\"@id\":\"https:\\\/\\\/verbandschoenen.nl\\\/produkt\\\/munchen-2-lxl-stretch\\\/#breadcrumb\"},\"inLanguage\":\"de\",\"potentialAction\":[{\"@type\":\"ReadAction\",\"target\":[\"https:\\\/\\\/verbandschoenen.nl\\\/produkt\\\/munchen-2-lxl-stretch\\\/\"]}]},{\"@type\":\"ImageObject\",\"inLanguage\":\"de\",\"@id\":\"https:\\\/\\\/verbandschoenen.nl\\\/produkt\\\/munchen-2-lxl-stretch\\\/#primaryimage\",\"url\":\"https:\\\/\\\/verbandschoenen.nl\\\/wp-content\\\/uploads\\\/2023\\\/02\\\/Munchen-2-LXL_510230-38_zwart_01.webp\",\"contentUrl\":\"https:\\\/\\\/verbandschoenen.nl\\\/wp-content\\\/uploads\\\/2023\\\/02\\\/Munchen-2-LXL_510230-38_zwart_01.webp\",\"width\":400,\"height\":500},{\"@type\":\"BreadcrumbList\",\"@id\":\"https:\\\/\\\/verbandschoenen.nl\\\/produkt\\\/munchen-2-lxl-stretch\\\/#breadcrumb\",\"itemListElement\":[{\"@type\":\"ListItem\",\"position\":1,\"name\":\"Home\",\"item\":\"https:\\\/\\\/verbandschoenen.nl\\\/de\\\/\"},{\"@type\":\"ListItem\",\"position\":2,\"name\":\"Shop\",\"item\":\"https:\\\/\\\/verbandschoenen.nl\\\/de\\\/shop\\\/\"},{\"@type\":\"ListItem\",\"position\":3,\"name\":\"M\u00fcnchen 2 LXL Stretch\"}]},{\"@type\":\"WebSite\",\"@id\":\"https:\\\/\\\/verbandschoenen.nl\\\/#website\",\"url\":\"https:\\\/\\\/verbandschoenen.nl\\\/\",\"name\":\"Offici\u00eble website Verbandschoenen\",\"description\":\"VOOR THERAPIE EN COMFORT\",\"publisher\":{\"@id\":\"https:\\\/\\\/verbandschoenen.nl\\\/#organization\"},\"potentialAction\":[{\"@type\":\"SearchAction\",\"target\":{\"@type\":\"EntryPoint\",\"urlTemplate\":\"https:\\\/\\\/verbandschoenen.nl\\\/?s={search_term_string}\"},\"query-input\":{\"@type\":\"PropertyValueSpecification\",\"valueRequired\":true,\"valueName\":\"search_term_string\"}}],\"inLanguage\":\"de\"},{\"@type\":\"Organization\",\"@id\":\"https:\\\/\\\/verbandschoenen.nl\\\/#organization\",\"name\":\"Offici\u00eble website Verbandschoenen\",\"url\":\"https:\\\/\\\/verbandschoenen.nl\\\/\",\"logo\":{\"@type\":\"ImageObject\",\"inLanguage\":\"de\",\"@id\":\"https:\\\/\\\/verbandschoenen.nl\\\/#\\\/schema\\\/logo\\\/image\\\/\",\"url\":\"https:\\\/\\\/verbandschoenen.nl\\\/wp-content\\\/uploads\\\/2023\\\/01\\\/verband-schoenen.svg\",\"contentUrl\":\"https:\\\/\\\/verbandschoenen.nl\\\/wp-content\\\/uploads\\\/2023\\\/01\\\/verband-schoenen.svg\",\"caption\":\"Offici\u00eble website Verbandschoenen\"},\"image\":{\"@id\":\"https:\\\/\\\/verbandschoenen.nl\\\/#\\\/schema\\\/logo\\\/image\\\/\"}}]}<\/script>\n<!-- \/ Yoast SEO plugin. -->","yoast_head_json":{"title":"M\u00fcnchen 2 LXL Stretch - Offici\u00eble website Verbandschoenen","robots":{"index":"index","follow":"follow","max-snippet":"max-snippet:-1","max-image-preview":"max-image-preview:large","max-video-preview":"max-video-preview:-1"},"canonical":"https:\/\/verbandschoenen.nl\/produkt\/munchen-2-lxl-stretch\/","og_locale":"de_DE","og_type":"article","og_title":"M\u00fcnchen 2 LXL Stretch - Offici\u00eble website Verbandschoenen","og_description":"Vergr\u00f6\u00dfertes Volumen des Vorfu\u00dfes  4-Wege-Stretch-Material im Vorfu\u00dfbereich macht ihn weich und flexibel und passt sich fast allen Fu\u00dfformen an (Hallux, Hammerzehen, Arthrose, geschwollene F\u00fc\u00dfe usw.)  Das dehnbare Material macht jede Bewegung mit  Keine schmerzhaften Druck- oder Scheuerstellen  Fu\u00dfklima-freundliches Design","og_url":"https:\/\/verbandschoenen.nl\/produkt\/munchen-2-lxl-stretch\/","og_site_name":"Offici\u00eble website Verbandschoenen","article_modified_time":"2023-02-24T10:16:32+00:00","og_image":[{"width":400,"height":500,"url":"https:\/\/verbandschoenen.nl\/wp-content\/uploads\/2023\/02\/Munchen-2-LXL_510230-38_zwart_01.webp","type":"image\/webp"}],"twitter_card":"summary_large_image","schema":{"@context":"https:\/\/schema.org","@graph":[{"@type":"WebPage","@id":"https:\/\/verbandschoenen.nl\/produkt\/munchen-2-lxl-stretch\/","url":"https:\/\/verbandschoenen.nl\/produkt\/munchen-2-lxl-stretch\/","name":"M\u00fcnchen 2 LXL Stretch - Offici\u00eble website Verbandschoenen","isPartOf":{"@id":"https:\/\/verbandschoenen.nl\/#website"},"primaryImageOfPage":{"@id":"https:\/\/verbandschoenen.nl\/produkt\/munchen-2-lxl-stretch\/#primaryimage"},"image":{"@id":"https:\/\/verbandschoenen.nl\/produkt\/munchen-2-lxl-stretch\/#primaryimage"},"thumbnailUrl":"https:\/\/verbandschoenen.nl\/wp-content\/uploads\/2023\/02\/Munchen-2-LXL_510230-38_zwart_01.webp","datePublished":"2023-02-23T14:33:24+00:00","dateModified":"2023-02-24T10:16:32+00:00","breadcrumb":{"@id":"https:\/\/verbandschoenen.nl\/produkt\/munchen-2-lxl-stretch\/#breadcrumb"},"inLanguage":"de","potentialAction":[{"@type":"ReadAction","target":["https:\/\/verbandschoenen.nl\/produkt\/munchen-2-lxl-stretch\/"]}]},{"@type":"ImageObject","inLanguage":"de","@id":"https:\/\/verbandschoenen.nl\/produkt\/munchen-2-lxl-stretch\/#primaryimage","url":"https:\/\/verbandschoenen.nl\/wp-content\/uploads\/2023\/02\/Munchen-2-LXL_510230-38_zwart_01.webp","contentUrl":"https:\/\/verbandschoenen.nl\/wp-content\/uploads\/2023\/02\/Munchen-2-LXL_510230-38_zwart_01.webp","width":400,"height":500},{"@type":"BreadcrumbList","@id":"https:\/\/verbandschoenen.nl\/produkt\/munchen-2-lxl-stretch\/#breadcrumb","itemListElement":[{"@type":"ListItem","position":1,"name":"Home","item":"https:\/\/verbandschoenen.nl\/de\/"},{"@type":"ListItem","position":2,"name":"Shop","item":"https:\/\/verbandschoenen.nl\/de\/shop\/"},{"@type":"ListItem","position":3,"name":"M\u00fcnchen 2 LXL Stretch"}]},{"@type":"WebSite","@id":"https:\/\/verbandschoenen.nl\/#website","url":"https:\/\/verbandschoenen.nl\/","name":"Offici\u00eble website Verbandschoenen","description":"VOOR THERAPIE EN COMFORT","publisher":{"@id":"https:\/\/verbandschoenen.nl\/#organization"},"potentialAction":[{"@type":"SearchAction","target":{"@type":"EntryPoint","urlTemplate":"https:\/\/verbandschoenen.nl\/?s={search_term_string}"},"query-input":{"@type":"PropertyValueSpecification","valueRequired":true,"valueName":"search_term_string"}}],"inLanguage":"de"},{"@type":"Organization","@id":"https:\/\/verbandschoenen.nl\/#organization","name":"Offici\u00eble website Verbandschoenen","url":"https:\/\/verbandschoenen.nl\/","logo":{"@type":"ImageObject","inLanguage":"de","@id":"https:\/\/verbandschoenen.nl\/#\/schema\/logo\/image\/","url":"https:\/\/verbandschoenen.nl\/wp-content\/uploads\/2023\/01\/verband-schoenen.svg","contentUrl":"https:\/\/verbandschoenen.nl\/wp-content\/uploads\/2023\/01\/verband-schoenen.svg","caption":"Offici\u00eble website Verbandschoenen"},"image":{"@id":"https:\/\/verbandschoenen.nl\/#\/schema\/logo\/image\/"}}]}},"_links":{"self":[{"href":"https:\/\/verbandschoenen.nl\/de\/wp-json\/wp\/v2\/product\/2064","targetHints":{"allow":["GET"]}}],"collection":[{"href":"https:\/\/verbandschoenen.nl\/de\/wp-json\/wp\/v2\/product"}],"about":[{"href":"https:\/\/verbandschoenen.nl\/de\/wp-json\/wp\/v2\/types\/product"}],"replies":[{"embeddable":true,"href":"https:\/\/verbandschoenen.nl\/de\/wp-json\/wp\/v2\/comments?post=2064"}],"wp:featuredmedia":[{"embeddable":true,"href":"https:\/\/verbandschoenen.nl\/de\/wp-json\/wp\/v2\/media\/987"}],"wp:attachment":[{"href":"https:\/\/verbandschoenen.nl\/de\/wp-json\/wp\/v2\/media?parent=2064"}],"wp:term":[{"taxonomy":"product_brand","embeddable":true,"href":"https:\/\/verbandschoenen.nl\/de\/wp-json\/wp\/v2\/product_brand?post=2064"},{"taxonomy":"product_cat","embeddable":true,"href":"https:\/\/verbandschoenen.nl\/de\/wp-json\/wp\/v2\/product_cat?post=2064"},{"taxonomy":"product_tag","embeddable":true,"href":"https:\/\/verbandschoenen.nl\/de\/wp-json\/wp\/v2\/product_tag?post=2064"}],"curies":[{"name":"wp","href":"https:\/\/api.w.org\/{rel}","templated":true}]}}