{"id":1985,"date":"2023-02-23T14:41:19","date_gmt":"2023-02-23T14:41:19","guid":{"rendered":"https:\/\/verbandschoenen.local\/product\/gentlewalk-hi-100-wol\/"},"modified":"2023-02-24T08:43:23","modified_gmt":"2023-02-24T08:43:23","slug":"gentlewalk-hi-100-wol","status":"publish","type":"product","link":"https:\/\/verbandschoenen.nl\/de\/produkt\/gentlewalk-hi-100-wol\/","title":{"rendered":"GentleWalk-Hi 100% Wol"},"content":{"rendered":"","protected":false},"excerpt":{"rendered":"<ul>\n<li>Atmungsaktives AirMesh-Obermaterial mit Larina-Futter f\u00fcr ein tolles Fu\u00dfklima<\/li>\n<li>100% Wolle<\/li>\n<li>2 weit \u00f6ffnende Klettverschl\u00fcsse im Vorfu\u00dfbereich<\/li>\n<li>F\u00fcr leichten Einstieg und sicheren Halt<\/li>\n<li>Druckfreie, ideale Passform<\/li>\n<li>Sto\u00dfd\u00e4mpfende &#8222;SoftStep&#8220;-Laufsohle, begehbar<\/li>\n<li>Geeignet f\u00fcr Diabetiker und Allergiker<\/li>\n<li>Maschinenwaschbar bei 30\u00b0<\/li>\n<\/ul>\n","protected":false},"featured_media":969,"comment_status":"open","ping_status":"closed","template":"","meta":{"_acf_changed":false,"inline_featured_image":false},"product_brand":[],"product_cat":[106],"product_tag":[],"class_list":{"0":"post-1985","1":"product","2":"type-product","3":"status-publish","4":"has-post-thumbnail","6":"product_cat-uncategorized-de","7":"geslacht-frauen","8":"geslacht-herren","9":"geslacht-fur-beide","11":"first","12":"instock","13":"shipping-taxable","14":"purchasable","15":"product-type-variable"},"acf":[],"yoast_head":"<!-- This site is optimized with the Yoast SEO plugin v27.3 - https:\/\/yoast.com\/product\/yoast-seo-wordpress\/ -->\n<title>GentleWalk-Hi 100% Wol - Offici\u00eble website Verbandschoenen<\/title>\n<meta name=\"robots\" content=\"index, follow, max-snippet:-1, max-image-preview:large, max-video-preview:-1\" \/>\n<link rel=\"canonical\" href=\"https:\/\/verbandschoenen.nl\/produkt\/gentlewalk-hi-100-wol\/\" \/>\n<meta property=\"og:locale\" content=\"de_DE\" \/>\n<meta property=\"og:type\" content=\"article\" \/>\n<meta property=\"og:title\" content=\"GentleWalk-Hi 100% Wol - Offici\u00eble website Verbandschoenen\" \/>\n<meta property=\"og:description\" content=\"Atmungsaktives AirMesh-Obermaterial mit Larina-Futter f\u00fcr ein tolles Fu\u00dfklima  100% Wolle  2 weit \u00f6ffnende Klettverschl\u00fcsse im Vorfu\u00dfbereich  F\u00fcr leichten Einstieg und sicheren Halt  Druckfreie, ideale Passform  Sto\u00dfd\u00e4mpfende &quot;SoftStep&quot;-Laufsohle, begehbar  Geeignet f\u00fcr Diabetiker und Allergiker  Maschinenwaschbar bei 30\u00b0\" \/>\n<meta property=\"og:url\" content=\"https:\/\/verbandschoenen.nl\/produkt\/gentlewalk-hi-100-wol\/\" \/>\n<meta property=\"og:site_name\" content=\"Offici\u00eble website Verbandschoenen\" \/>\n<meta property=\"article:modified_time\" content=\"2023-02-24T08:43:23+00:00\" \/>\n<meta property=\"og:image\" content=\"https:\/\/verbandschoenen.nl\/wp-content\/uploads\/2023\/02\/GentleWalk-Hi_510341-38_zwart_01.webp\" \/>\n\t<meta property=\"og:image:width\" content=\"400\" \/>\n\t<meta property=\"og:image:height\" content=\"500\" \/>\n\t<meta property=\"og:image:type\" content=\"image\/webp\" \/>\n<meta name=\"twitter:card\" content=\"summary_large_image\" \/>\n<script type=\"application\/ld+json\" class=\"yoast-schema-graph\">{\"@context\":\"https:\\\/\\\/schema.org\",\"@graph\":[{\"@type\":\"WebPage\",\"@id\":\"https:\\\/\\\/verbandschoenen.nl\\\/produkt\\\/gentlewalk-hi-100-wol\\\/\",\"url\":\"https:\\\/\\\/verbandschoenen.nl\\\/produkt\\\/gentlewalk-hi-100-wol\\\/\",\"name\":\"GentleWalk-Hi 100% Wol - Offici\u00eble website Verbandschoenen\",\"isPartOf\":{\"@id\":\"https:\\\/\\\/verbandschoenen.nl\\\/#website\"},\"primaryImageOfPage\":{\"@id\":\"https:\\\/\\\/verbandschoenen.nl\\\/produkt\\\/gentlewalk-hi-100-wol\\\/#primaryimage\"},\"image\":{\"@id\":\"https:\\\/\\\/verbandschoenen.nl\\\/produkt\\\/gentlewalk-hi-100-wol\\\/#primaryimage\"},\"thumbnailUrl\":\"https:\\\/\\\/verbandschoenen.nl\\\/wp-content\\\/uploads\\\/2023\\\/02\\\/GentleWalk-Hi_510341-38_zwart_01.webp\",\"datePublished\":\"2023-02-23T14:41:19+00:00\",\"dateModified\":\"2023-02-24T08:43:23+00:00\",\"breadcrumb\":{\"@id\":\"https:\\\/\\\/verbandschoenen.nl\\\/produkt\\\/gentlewalk-hi-100-wol\\\/#breadcrumb\"},\"inLanguage\":\"de\",\"potentialAction\":[{\"@type\":\"ReadAction\",\"target\":[\"https:\\\/\\\/verbandschoenen.nl\\\/produkt\\\/gentlewalk-hi-100-wol\\\/\"]}]},{\"@type\":\"ImageObject\",\"inLanguage\":\"de\",\"@id\":\"https:\\\/\\\/verbandschoenen.nl\\\/produkt\\\/gentlewalk-hi-100-wol\\\/#primaryimage\",\"url\":\"https:\\\/\\\/verbandschoenen.nl\\\/wp-content\\\/uploads\\\/2023\\\/02\\\/GentleWalk-Hi_510341-38_zwart_01.webp\",\"contentUrl\":\"https:\\\/\\\/verbandschoenen.nl\\\/wp-content\\\/uploads\\\/2023\\\/02\\\/GentleWalk-Hi_510341-38_zwart_01.webp\",\"width\":400,\"height\":500},{\"@type\":\"BreadcrumbList\",\"@id\":\"https:\\\/\\\/verbandschoenen.nl\\\/produkt\\\/gentlewalk-hi-100-wol\\\/#breadcrumb\",\"itemListElement\":[{\"@type\":\"ListItem\",\"position\":1,\"name\":\"Home\",\"item\":\"https:\\\/\\\/verbandschoenen.nl\\\/de\\\/\"},{\"@type\":\"ListItem\",\"position\":2,\"name\":\"Shop\",\"item\":\"https:\\\/\\\/verbandschoenen.nl\\\/de\\\/shop\\\/\"},{\"@type\":\"ListItem\",\"position\":3,\"name\":\"GentleWalk-Hi 100% Wol\"}]},{\"@type\":\"WebSite\",\"@id\":\"https:\\\/\\\/verbandschoenen.nl\\\/#website\",\"url\":\"https:\\\/\\\/verbandschoenen.nl\\\/\",\"name\":\"Offici\u00eble website Verbandschoenen\",\"description\":\"VOOR THERAPIE EN COMFORT\",\"publisher\":{\"@id\":\"https:\\\/\\\/verbandschoenen.nl\\\/#organization\"},\"potentialAction\":[{\"@type\":\"SearchAction\",\"target\":{\"@type\":\"EntryPoint\",\"urlTemplate\":\"https:\\\/\\\/verbandschoenen.nl\\\/?s={search_term_string}\"},\"query-input\":{\"@type\":\"PropertyValueSpecification\",\"valueRequired\":true,\"valueName\":\"search_term_string\"}}],\"inLanguage\":\"de\"},{\"@type\":\"Organization\",\"@id\":\"https:\\\/\\\/verbandschoenen.nl\\\/#organization\",\"name\":\"Offici\u00eble website Verbandschoenen\",\"url\":\"https:\\\/\\\/verbandschoenen.nl\\\/\",\"logo\":{\"@type\":\"ImageObject\",\"inLanguage\":\"de\",\"@id\":\"https:\\\/\\\/verbandschoenen.nl\\\/#\\\/schema\\\/logo\\\/image\\\/\",\"url\":\"https:\\\/\\\/verbandschoenen.nl\\\/wp-content\\\/uploads\\\/2023\\\/01\\\/verband-schoenen.svg\",\"contentUrl\":\"https:\\\/\\\/verbandschoenen.nl\\\/wp-content\\\/uploads\\\/2023\\\/01\\\/verband-schoenen.svg\",\"caption\":\"Offici\u00eble website Verbandschoenen\"},\"image\":{\"@id\":\"https:\\\/\\\/verbandschoenen.nl\\\/#\\\/schema\\\/logo\\\/image\\\/\"}}]}<\/script>\n<!-- \/ Yoast SEO plugin. -->","yoast_head_json":{"title":"GentleWalk-Hi 100% Wol - Offici\u00eble website Verbandschoenen","robots":{"index":"index","follow":"follow","max-snippet":"max-snippet:-1","max-image-preview":"max-image-preview:large","max-video-preview":"max-video-preview:-1"},"canonical":"https:\/\/verbandschoenen.nl\/produkt\/gentlewalk-hi-100-wol\/","og_locale":"de_DE","og_type":"article","og_title":"GentleWalk-Hi 100% Wol - Offici\u00eble website Verbandschoenen","og_description":"Atmungsaktives AirMesh-Obermaterial mit Larina-Futter f\u00fcr ein tolles Fu\u00dfklima  100% Wolle  2 weit \u00f6ffnende Klettverschl\u00fcsse im Vorfu\u00dfbereich  F\u00fcr leichten Einstieg und sicheren Halt  Druckfreie, ideale Passform  Sto\u00dfd\u00e4mpfende \"SoftStep\"-Laufsohle, begehbar  Geeignet f\u00fcr Diabetiker und Allergiker  Maschinenwaschbar bei 30\u00b0","og_url":"https:\/\/verbandschoenen.nl\/produkt\/gentlewalk-hi-100-wol\/","og_site_name":"Offici\u00eble website Verbandschoenen","article_modified_time":"2023-02-24T08:43:23+00:00","og_image":[{"width":400,"height":500,"url":"https:\/\/verbandschoenen.nl\/wp-content\/uploads\/2023\/02\/GentleWalk-Hi_510341-38_zwart_01.webp","type":"image\/webp"}],"twitter_card":"summary_large_image","schema":{"@context":"https:\/\/schema.org","@graph":[{"@type":"WebPage","@id":"https:\/\/verbandschoenen.nl\/produkt\/gentlewalk-hi-100-wol\/","url":"https:\/\/verbandschoenen.nl\/produkt\/gentlewalk-hi-100-wol\/","name":"GentleWalk-Hi 100% Wol - Offici\u00eble website Verbandschoenen","isPartOf":{"@id":"https:\/\/verbandschoenen.nl\/#website"},"primaryImageOfPage":{"@id":"https:\/\/verbandschoenen.nl\/produkt\/gentlewalk-hi-100-wol\/#primaryimage"},"image":{"@id":"https:\/\/verbandschoenen.nl\/produkt\/gentlewalk-hi-100-wol\/#primaryimage"},"thumbnailUrl":"https:\/\/verbandschoenen.nl\/wp-content\/uploads\/2023\/02\/GentleWalk-Hi_510341-38_zwart_01.webp","datePublished":"2023-02-23T14:41:19+00:00","dateModified":"2023-02-24T08:43:23+00:00","breadcrumb":{"@id":"https:\/\/verbandschoenen.nl\/produkt\/gentlewalk-hi-100-wol\/#breadcrumb"},"inLanguage":"de","potentialAction":[{"@type":"ReadAction","target":["https:\/\/verbandschoenen.nl\/produkt\/gentlewalk-hi-100-wol\/"]}]},{"@type":"ImageObject","inLanguage":"de","@id":"https:\/\/verbandschoenen.nl\/produkt\/gentlewalk-hi-100-wol\/#primaryimage","url":"https:\/\/verbandschoenen.nl\/wp-content\/uploads\/2023\/02\/GentleWalk-Hi_510341-38_zwart_01.webp","contentUrl":"https:\/\/verbandschoenen.nl\/wp-content\/uploads\/2023\/02\/GentleWalk-Hi_510341-38_zwart_01.webp","width":400,"height":500},{"@type":"BreadcrumbList","@id":"https:\/\/verbandschoenen.nl\/produkt\/gentlewalk-hi-100-wol\/#breadcrumb","itemListElement":[{"@type":"ListItem","position":1,"name":"Home","item":"https:\/\/verbandschoenen.nl\/de\/"},{"@type":"ListItem","position":2,"name":"Shop","item":"https:\/\/verbandschoenen.nl\/de\/shop\/"},{"@type":"ListItem","position":3,"name":"GentleWalk-Hi 100% Wol"}]},{"@type":"WebSite","@id":"https:\/\/verbandschoenen.nl\/#website","url":"https:\/\/verbandschoenen.nl\/","name":"Offici\u00eble website Verbandschoenen","description":"VOOR THERAPIE EN COMFORT","publisher":{"@id":"https:\/\/verbandschoenen.nl\/#organization"},"potentialAction":[{"@type":"SearchAction","target":{"@type":"EntryPoint","urlTemplate":"https:\/\/verbandschoenen.nl\/?s={search_term_string}"},"query-input":{"@type":"PropertyValueSpecification","valueRequired":true,"valueName":"search_term_string"}}],"inLanguage":"de"},{"@type":"Organization","@id":"https:\/\/verbandschoenen.nl\/#organization","name":"Offici\u00eble website Verbandschoenen","url":"https:\/\/verbandschoenen.nl\/","logo":{"@type":"ImageObject","inLanguage":"de","@id":"https:\/\/verbandschoenen.nl\/#\/schema\/logo\/image\/","url":"https:\/\/verbandschoenen.nl\/wp-content\/uploads\/2023\/01\/verband-schoenen.svg","contentUrl":"https:\/\/verbandschoenen.nl\/wp-content\/uploads\/2023\/01\/verband-schoenen.svg","caption":"Offici\u00eble website Verbandschoenen"},"image":{"@id":"https:\/\/verbandschoenen.nl\/#\/schema\/logo\/image\/"}}]}},"_links":{"self":[{"href":"https:\/\/verbandschoenen.nl\/de\/wp-json\/wp\/v2\/product\/1985","targetHints":{"allow":["GET"]}}],"collection":[{"href":"https:\/\/verbandschoenen.nl\/de\/wp-json\/wp\/v2\/product"}],"about":[{"href":"https:\/\/verbandschoenen.nl\/de\/wp-json\/wp\/v2\/types\/product"}],"replies":[{"embeddable":true,"href":"https:\/\/verbandschoenen.nl\/de\/wp-json\/wp\/v2\/comments?post=1985"}],"wp:featuredmedia":[{"embeddable":true,"href":"https:\/\/verbandschoenen.nl\/de\/wp-json\/wp\/v2\/media\/969"}],"wp:attachment":[{"href":"https:\/\/verbandschoenen.nl\/de\/wp-json\/wp\/v2\/media?parent=1985"}],"wp:term":[{"taxonomy":"product_brand","embeddable":true,"href":"https:\/\/verbandschoenen.nl\/de\/wp-json\/wp\/v2\/product_brand?post=1985"},{"taxonomy":"product_cat","embeddable":true,"href":"https:\/\/verbandschoenen.nl\/de\/wp-json\/wp\/v2\/product_cat?post=1985"},{"taxonomy":"product_tag","embeddable":true,"href":"https:\/\/verbandschoenen.nl\/de\/wp-json\/wp\/v2\/product_tag?post=1985"}],"curies":[{"name":"wp","href":"https:\/\/api.w.org\/{rel}","templated":true}]}}