{"id":2795,"date":"2023-02-14T10:35:22","date_gmt":"2023-02-14T10:35:22","guid":{"rendered":"https:\/\/verbandschoenen.local\/verbandschoenen-bij-hamertenen\/"},"modified":"2023-03-01T09:02:50","modified_gmt":"2023-03-01T09:02:50","slug":"verbandschuhe-fuer-hammerzehen","status":"publish","type":"page","link":"https:\/\/verbandschoenen.nl\/de\/verbandschuhe-fuer-hammerzehen\/","title":{"rendered":"Verbandschuhe f\u00fcr Hammerzehen"},"content":{"rendered":"","protected":false},"excerpt":{"rendered":"","protected":false},"author":1,"featured_media":0,"parent":0,"menu_order":0,"comment_status":"closed","ping_status":"closed","template":"templates\/landingspage.php","meta":{"_acf_changed":false,"inline_featured_image":false,"footnotes":""},"class_list":["post-2795","page","type-page","status-publish","hentry"],"acf":[],"yoast_head":"<!-- This site is optimized with the Yoast SEO plugin v27.4 - https:\/\/yoast.com\/product\/yoast-seo-wordpress\/ -->\n<title>Verbandschuhe f\u00fcr Hammerzehen - Offici\u00eble website Verbandschoenen<\/title>\n<meta name=\"description\" content=\"Verbandschuhe f\u00fcr Hammerzehen zur Linderung Ihrer Schmerzen. Eine Hammerzehe ist eine Verformung der Zehen, die am h\u00e4ufigsten an der zweiten, dritten oder vierten Zehe auftritt.\" \/>\n<meta name=\"robots\" content=\"index, follow, max-snippet:-1, max-image-preview:large, max-video-preview:-1\" \/>\n<link rel=\"canonical\" href=\"https:\/\/verbandschoenen.nl\/de\/verbandschuhe-fuer-hammerzehen\/\" \/>\n<meta property=\"og:locale\" content=\"de_DE\" \/>\n<meta property=\"og:type\" content=\"article\" \/>\n<meta property=\"og:title\" content=\"Verbandschuhe f\u00fcr Hammerzehen - Offici\u00eble website Verbandschoenen\" \/>\n<meta property=\"og:description\" content=\"Verbandschuhe f\u00fcr Hammerzehen zur Linderung Ihrer Schmerzen. Eine Hammerzehe ist eine Verformung der Zehen, die am h\u00e4ufigsten an der zweiten, dritten oder vierten Zehe auftritt.\" \/>\n<meta property=\"og:url\" content=\"https:\/\/verbandschoenen.nl\/de\/verbandschuhe-fuer-hammerzehen\/\" \/>\n<meta property=\"og:site_name\" content=\"Offici\u00eble website Verbandschoenen\" \/>\n<meta property=\"article:modified_time\" content=\"2023-03-01T09:02:50+00:00\" \/>\n<meta name=\"twitter:card\" content=\"summary_large_image\" \/>\n<script type=\"application\/ld+json\" class=\"yoast-schema-graph\">{\"@context\":\"https:\\\/\\\/schema.org\",\"@graph\":[{\"@type\":\"WebPage\",\"@id\":\"https:\\\/\\\/verbandschoenen.nl\\\/de\\\/verbandschuhe-fuer-hammerzehen\\\/\",\"url\":\"https:\\\/\\\/verbandschoenen.nl\\\/de\\\/verbandschuhe-fuer-hammerzehen\\\/\",\"name\":\"Verbandschuhe f\u00fcr Hammerzehen - Offici\u00eble website Verbandschoenen\",\"isPartOf\":{\"@id\":\"https:\\\/\\\/verbandschoenen.nl\\\/#website\"},\"datePublished\":\"2023-02-14T10:35:22+00:00\",\"dateModified\":\"2023-03-01T09:02:50+00:00\",\"description\":\"Verbandschuhe f\u00fcr Hammerzehen zur Linderung Ihrer Schmerzen. Eine Hammerzehe ist eine Verformung der Zehen, die am h\u00e4ufigsten an der zweiten, dritten oder vierten Zehe auftritt.\",\"breadcrumb\":{\"@id\":\"https:\\\/\\\/verbandschoenen.nl\\\/de\\\/verbandschuhe-fuer-hammerzehen\\\/#breadcrumb\"},\"inLanguage\":\"de\",\"potentialAction\":[{\"@type\":\"ReadAction\",\"target\":[\"https:\\\/\\\/verbandschoenen.nl\\\/de\\\/verbandschuhe-fuer-hammerzehen\\\/\"]}]},{\"@type\":\"BreadcrumbList\",\"@id\":\"https:\\\/\\\/verbandschoenen.nl\\\/de\\\/verbandschuhe-fuer-hammerzehen\\\/#breadcrumb\",\"itemListElement\":[{\"@type\":\"ListItem\",\"position\":1,\"name\":\"Home\",\"item\":\"https:\\\/\\\/verbandschoenen.nl\\\/de\\\/\"},{\"@type\":\"ListItem\",\"position\":2,\"name\":\"Verbandschuhe f\u00fcr Hammerzehen\"}]},{\"@type\":\"WebSite\",\"@id\":\"https:\\\/\\\/verbandschoenen.nl\\\/#website\",\"url\":\"https:\\\/\\\/verbandschoenen.nl\\\/\",\"name\":\"Offici\u00eble website Verbandschoenen\",\"description\":\"VOOR THERAPIE EN COMFORT\",\"publisher\":{\"@id\":\"https:\\\/\\\/verbandschoenen.nl\\\/#organization\"},\"potentialAction\":[{\"@type\":\"SearchAction\",\"target\":{\"@type\":\"EntryPoint\",\"urlTemplate\":\"https:\\\/\\\/verbandschoenen.nl\\\/?s={search_term_string}\"},\"query-input\":{\"@type\":\"PropertyValueSpecification\",\"valueRequired\":true,\"valueName\":\"search_term_string\"}}],\"inLanguage\":\"de\"},{\"@type\":\"Organization\",\"@id\":\"https:\\\/\\\/verbandschoenen.nl\\\/#organization\",\"name\":\"Offici\u00eble website Verbandschoenen\",\"url\":\"https:\\\/\\\/verbandschoenen.nl\\\/\",\"logo\":{\"@type\":\"ImageObject\",\"inLanguage\":\"de\",\"@id\":\"https:\\\/\\\/verbandschoenen.nl\\\/#\\\/schema\\\/logo\\\/image\\\/\",\"url\":\"https:\\\/\\\/verbandschoenen.nl\\\/wp-content\\\/uploads\\\/2023\\\/01\\\/verband-schoenen.svg\",\"contentUrl\":\"https:\\\/\\\/verbandschoenen.nl\\\/wp-content\\\/uploads\\\/2023\\\/01\\\/verband-schoenen.svg\",\"caption\":\"Offici\u00eble website Verbandschoenen\"},\"image\":{\"@id\":\"https:\\\/\\\/verbandschoenen.nl\\\/#\\\/schema\\\/logo\\\/image\\\/\"}}]}<\/script>\n<!-- \/ Yoast SEO plugin. -->","yoast_head_json":{"title":"Verbandschuhe f\u00fcr Hammerzehen - Offici\u00eble website Verbandschoenen","description":"Verbandschuhe f\u00fcr Hammerzehen zur Linderung Ihrer Schmerzen. Eine Hammerzehe ist eine Verformung der Zehen, die am h\u00e4ufigsten an der zweiten, dritten oder vierten Zehe auftritt.","robots":{"index":"index","follow":"follow","max-snippet":"max-snippet:-1","max-image-preview":"max-image-preview:large","max-video-preview":"max-video-preview:-1"},"canonical":"https:\/\/verbandschoenen.nl\/de\/verbandschuhe-fuer-hammerzehen\/","og_locale":"de_DE","og_type":"article","og_title":"Verbandschuhe f\u00fcr Hammerzehen - Offici\u00eble website Verbandschoenen","og_description":"Verbandschuhe f\u00fcr Hammerzehen zur Linderung Ihrer Schmerzen. Eine Hammerzehe ist eine Verformung der Zehen, die am h\u00e4ufigsten an der zweiten, dritten oder vierten Zehe auftritt.","og_url":"https:\/\/verbandschoenen.nl\/de\/verbandschuhe-fuer-hammerzehen\/","og_site_name":"Offici\u00eble website Verbandschoenen","article_modified_time":"2023-03-01T09:02:50+00:00","twitter_card":"summary_large_image","schema":{"@context":"https:\/\/schema.org","@graph":[{"@type":"WebPage","@id":"https:\/\/verbandschoenen.nl\/de\/verbandschuhe-fuer-hammerzehen\/","url":"https:\/\/verbandschoenen.nl\/de\/verbandschuhe-fuer-hammerzehen\/","name":"Verbandschuhe f\u00fcr Hammerzehen - Offici\u00eble website Verbandschoenen","isPartOf":{"@id":"https:\/\/verbandschoenen.nl\/#website"},"datePublished":"2023-02-14T10:35:22+00:00","dateModified":"2023-03-01T09:02:50+00:00","description":"Verbandschuhe f\u00fcr Hammerzehen zur Linderung Ihrer Schmerzen. Eine Hammerzehe ist eine Verformung der Zehen, die am h\u00e4ufigsten an der zweiten, dritten oder vierten Zehe auftritt.","breadcrumb":{"@id":"https:\/\/verbandschoenen.nl\/de\/verbandschuhe-fuer-hammerzehen\/#breadcrumb"},"inLanguage":"de","potentialAction":[{"@type":"ReadAction","target":["https:\/\/verbandschoenen.nl\/de\/verbandschuhe-fuer-hammerzehen\/"]}]},{"@type":"BreadcrumbList","@id":"https:\/\/verbandschoenen.nl\/de\/verbandschuhe-fuer-hammerzehen\/#breadcrumb","itemListElement":[{"@type":"ListItem","position":1,"name":"Home","item":"https:\/\/verbandschoenen.nl\/de\/"},{"@type":"ListItem","position":2,"name":"Verbandschuhe f\u00fcr Hammerzehen"}]},{"@type":"WebSite","@id":"https:\/\/verbandschoenen.nl\/#website","url":"https:\/\/verbandschoenen.nl\/","name":"Offici\u00eble website Verbandschoenen","description":"VOOR THERAPIE EN COMFORT","publisher":{"@id":"https:\/\/verbandschoenen.nl\/#organization"},"potentialAction":[{"@type":"SearchAction","target":{"@type":"EntryPoint","urlTemplate":"https:\/\/verbandschoenen.nl\/?s={search_term_string}"},"query-input":{"@type":"PropertyValueSpecification","valueRequired":true,"valueName":"search_term_string"}}],"inLanguage":"de"},{"@type":"Organization","@id":"https:\/\/verbandschoenen.nl\/#organization","name":"Offici\u00eble website Verbandschoenen","url":"https:\/\/verbandschoenen.nl\/","logo":{"@type":"ImageObject","inLanguage":"de","@id":"https:\/\/verbandschoenen.nl\/#\/schema\/logo\/image\/","url":"https:\/\/verbandschoenen.nl\/wp-content\/uploads\/2023\/01\/verband-schoenen.svg","contentUrl":"https:\/\/verbandschoenen.nl\/wp-content\/uploads\/2023\/01\/verband-schoenen.svg","caption":"Offici\u00eble website Verbandschoenen"},"image":{"@id":"https:\/\/verbandschoenen.nl\/#\/schema\/logo\/image\/"}}]}},"_links":{"self":[{"href":"https:\/\/verbandschoenen.nl\/de\/wp-json\/wp\/v2\/pages\/2795","targetHints":{"allow":["GET"]}}],"collection":[{"href":"https:\/\/verbandschoenen.nl\/de\/wp-json\/wp\/v2\/pages"}],"about":[{"href":"https:\/\/verbandschoenen.nl\/de\/wp-json\/wp\/v2\/types\/page"}],"author":[{"embeddable":true,"href":"https:\/\/verbandschoenen.nl\/de\/wp-json\/wp\/v2\/users\/1"}],"replies":[{"embeddable":true,"href":"https:\/\/verbandschoenen.nl\/de\/wp-json\/wp\/v2\/comments?post=2795"}],"version-history":[{"count":0,"href":"https:\/\/verbandschoenen.nl\/de\/wp-json\/wp\/v2\/pages\/2795\/revisions"}],"wp:attachment":[{"href":"https:\/\/verbandschoenen.nl\/de\/wp-json\/wp\/v2\/media?parent=2795"}],"curies":[{"name":"wp","href":"https:\/\/api.w.org\/{rel}","templated":true}]}}